{"id":3498,"date":"2015-06-12T09:30:20","date_gmt":"2015-06-12T12:30:20","guid":{"rendered":"http:\/\/www.101fm.com.br\/101\/?page_id=3498"},"modified":"2024-11-12T09:13:52","modified_gmt":"2024-11-12T12:13:52","slug":"inicio","status":"publish","type":"page","link":"https:\/\/www.101fm.com.br\/101\/","title":{"rendered":"In\u00edcio"},"content":{"rendered":"<p><div class=\"fusion-fullwidth fullwidth-box fusion-builder-row-1 has-pattern-background has-mask-background hundred-percent-fullwidth non-hundred-percent-height-scrolling\" style=\"--awb-border-radius-top-left:0px;--awb-border-radius-top-right:0px;--awb-border-radius-bottom-right:0px;--awb-border-radius-bottom-left:0px;--awb-overflow:visible;--awb-background-color:#ffffff;--awb-flex-wrap:wrap;\" ><div class=\"fusion-builder-row fusion-row\"><div class=\"fusion-layout-column fusion_builder_column fusion-builder-column-0 fusion_builder_column_1_1 1_1 fusion-one-full fusion-column-first fusion-column-last fusion-column-no-min-height\" style=\"--awb-bg-size:cover;--awb-margin-bottom:0px;\"><div class=\"fusion-column-wrapper fusion-flex-column-wrapper-legacy\"><div class=\"fusion-text fusion-text-1\"><h2><span style=\"color: #000000;\">Sobre a R\u00e1dio<\/span><\/h2>\n<p style=\"text-align: justify;\"><span style=\"color: #000000;\">A R\u00c1DIO JABOTICABAL LTDA. \u00a0\u2013 101FM-Aquarela \u2013 entrou no ar em 1985\u00a0a \u00fanica emissora em freq\u00fc\u00eancia modulada comercial na cidade de Jaboticabal \u2013 operando na freq\u00fc\u00eancia de 101,7Mhz .<\/span><\/p>\n<p style=\"text-align: justify;\"><span style=\"color: #000000;\">A emissora transmite sua programa\u00e7\u00e3o para uma regi\u00e3o com aproximadamente de 500 mil habitantes.<\/span><\/p>\n<p style=\"text-align: justify;\"><span style=\"color: #000000;\">Na programa\u00e7\u00e3o jornal\u00edstica e esportiva local detemos a maioria da audi\u00eancia do segmento dentro do hor\u00e1rio,\u00a0 que mobiliza o interesse de\u00a0 todas as classes sociais do munic\u00edpio em virtude da experi\u00eancia da equipe, do conte\u00fado da informa\u00e7\u00e3o,\u00a0 e da imparcialidade.<\/span><\/p>\n<p style=\"text-align: justify;\"><span style=\"color: #000000;\">Na programa\u00e7\u00e3o musical vers\u00e1til tamb\u00e9m detemos a audi\u00eancia residencial e comercial local\u00a0 e muita influ\u00eancia regional.<\/span><\/p>\n<h3 style=\"text-align: justify;\"><span style=\"color: #000000;\"><strong>PROPAGA\u00c7\u00c3O REGIONAL<\/strong><\/span><\/h3>\n<p style=\"text-align: justify;\"><span style=\"color: #000000;\">A propaga\u00e7\u00e3o do sinal da emissora \u00e9 maior do que o apresentado na tabela abaixo,\u00a0 mas optamos por garantir a propaga\u00e7\u00e3o, considerando o relevo regional e tamb\u00e9m a exist\u00eancia de interfer\u00eancias de r\u00e1dios clandestinas (piratas), que tem crescido nos \u00faltimos anos, em virtude da falta de fiscaliza\u00e7\u00e3o.<\/span><\/p>\n<\/div><div class=\"fusion-text fusion-text-2\"><p><a href=\"https:\/\/www.dropbox.com\/s\/i3f9m3v2v608x0e\/Municipios.xlsx?dl=0\" target=\"_blank\" rel=\"noopener noreferrer\"><img decoding=\"async\" class=\"lazyload aligncenter wp-image-28438 size-full\" src=\"data:image\/svg+xml,%3Csvg%20xmlns%3D%27http%3A%2F%2Fwww.w3.org%2F2000%2Fsvg%27%20width%3D%27635%27%20height%3D%27335%27%20viewBox%3D%270%200%20635%20335%27%3E%3Crect%20width%3D%27635%27%20height%3D%27335%27%20fill-opacity%3D%220%22%2F%3E%3C%2Fsvg%3E\" data-orig-src=\"https:\/\/www.101fm.com.br\/101\/wp-content\/uploads\/2019\/09\/Municipios.jpg\" alt=\"\" width=\"635\" height=\"335\" \/><\/a><\/p>\n<\/div><div class=\"fusion-clearfix\"><\/div><\/div><\/div><div class=\"fusion-layout-column fusion_builder_column fusion-builder-column-1 fusion_builder_column_1_1 1_1 fusion-one-full fusion-column-first fusion-column-last fusion-column-no-min-height\" style=\"--awb-bg-size:cover;--awb-margin-bottom:0px;\"><div class=\"fusion-column-wrapper fusion-flex-column-wrapper-legacy\"><div class=\"fusion-progressbar fusion-progressbar-text-on-bar\" style=\"--awb-filledcolor:#dd3333;--awb-unfilledcolor:#dda6a6;\"><div class=\"fusion-progressbar-bar progress-bar progress-striped active\"><div class=\"progress progress-bar-content\" style=\"width:0%;\" role=\"progressbar\" aria-labelledby=\"awb-progressbar-label-1\" aria-valuemin=\"0\" aria-valuemax=\"100\" aria-valuenow=\"55\"><\/div><\/div> <span class=\"progress-title\" style=\"right: calc(15px + 45%);\"><span class=\"fusion-progressbar-text\" id=\"awb-progressbar-label-1\">Ouvintes mulheres<\/span> <span class=\"fusion-progressbar-value\">55%<\/span><\/span><\/div><div class=\"fusion-clearfix\"><\/div><\/div><\/div><div class=\"fusion-layout-column fusion_builder_column fusion-builder-column-2 fusion_builder_column_1_1 1_1 fusion-one-full fusion-column-first fusion-column-last fusion-column-no-min-height\" style=\"--awb-bg-size:cover;--awb-margin-bottom:0px;\"><div class=\"fusion-column-wrapper fusion-flex-column-wrapper-legacy\"><div class=\"fusion-progressbar fusion-progressbar-text-on-bar\" style=\"--awb-filledcolor:#000000;--awb-unfilledcolor:#e2e2e2;\"><div class=\"fusion-progressbar-bar progress-bar progress-striped active\"><div class=\"progress progress-bar-content\" style=\"width:0%;\" role=\"progressbar\" aria-labelledby=\"awb-progressbar-label-2\" aria-valuemin=\"0\" aria-valuemax=\"100\" aria-valuenow=\"40\"><\/div><\/div> <span class=\"progress-title\" style=\"right: calc(15px + 60%);\"><span class=\"fusion-progressbar-text\" id=\"awb-progressbar-label-2\">Ouvintes homens<\/span> <span class=\"fusion-progressbar-value\">40%<\/span><\/span><\/div><div class=\"fusion-clearfix\"><\/div><\/div><\/div><div class=\"fusion-layout-column fusion_builder_column fusion-builder-column-3 fusion_builder_column_1_1 1_1 fusion-one-full fusion-column-first fusion-column-last fusion-column-no-min-height\" style=\"--awb-bg-size:cover;--awb-margin-bottom:0px;\"><div class=\"fusion-column-wrapper fusion-flex-column-wrapper-legacy\"><div class=\"fusion-progressbar fusion-progressbar-text-on-bar\" style=\"--awb-filledcolor:#1e73be;--awb-unfilledcolor:#87a3bf;\"><div class=\"fusion-progressbar-bar progress-bar progress-striped active\"><div class=\"progress progress-bar-content\" style=\"width:0%;\" role=\"progressbar\" aria-labelledby=\"awb-progressbar-label-3\" aria-valuemin=\"0\" aria-valuemax=\"100\" aria-valuenow=\"95\"><\/div><\/div> <span class=\"progress-title\" style=\"right: calc(15px + 5%);\"><span class=\"fusion-progressbar-text\" id=\"awb-progressbar-label-3\">Ouvintes que recomendam 101FM<\/span> <span class=\"fusion-progressbar-value\">95%<\/span><\/span><\/div><div class=\"fusion-sep-clear\"><\/div><div class=\"fusion-separator fusion-full-width-sep\" style=\"margin-left: auto;margin-right: auto;margin-top:10px;width:100%;\"><\/div><div class=\"fusion-sep-clear\"><\/div><div class=\"fusion-clearfix\"><\/div><\/div><\/div><div class=\"fusion-layout-column fusion_builder_column fusion-builder-column-4 fusion_builder_column_1_1 1_1 fusion-one-full fusion-column-first fusion-column-last fusion-column-no-min-height\" style=\"--awb-bg-size:cover;--awb-margin-bottom:0px;\"><div class=\"fusion-column-wrapper fusion-flex-column-wrapper-legacy\"><div class=\"fusion-title title fusion-title-1 fusion-title-center fusion-title-text fusion-title-size-one\" style=\"--awb-margin-top:20px;\"><div class=\"title-sep-container title-sep-container-left\"><div class=\"title-sep sep-double sep-solid\" style=\"border-color:#e0dede;\"><\/div><\/div><span class=\"awb-title-spacer\"><\/span><h1 class=\"fusion-title-heading title-heading-center fusion-responsive-typography-calculated\" style=\"margin:0;--fontSize:34;line-height:1.4;\">Abrang\u00eancia<\/h1><span class=\"awb-title-spacer\"><\/span><div class=\"title-sep-container title-sep-container-right\"><div class=\"title-sep sep-double sep-solid\" style=\"border-color:#e0dede;\"><\/div><\/div><\/div><div class=\"fusion-clearfix\"><\/div><\/div><\/div><div class=\"fusion-layout-column fusion_builder_column fusion-builder-column-5 fusion_builder_column_1_1 1_1 fusion-one-full fusion-column-first fusion-column-last fusion-column-no-min-height\" style=\"--awb-bg-size:cover;--awb-margin-bottom:0px;\"><div class=\"fusion-column-wrapper fusion-flex-column-wrapper-legacy\"><iframe src=\"https:\/\/www.google.com\/maps\/d\/embed?mid=1wY0sjeJbTM-F5jWVmWLbBrMJGpM\" width=\"100%\" height=\"480\"><\/iframe><div class=\"fusion-clearfix\"><\/div><\/div><\/div><\/div><\/div><\/p>\n","protected":false},"excerpt":{"rendered":"","protected":false},"author":6,"featured_media":0,"parent":0,"menu_order":0,"comment_status":"closed","ping_status":"closed","template":"","meta":{"footnotes":""},"class_list":["post-3498","page","type-page","status-publish","hentry"],"yoast_head":"<!-- This site is optimized with the Yoast SEO Premium plugin v22.9 (Yoast SEO v22.9) - https:\/\/yoast.com\/wordpress\/plugins\/seo\/ -->\n<title>101FM - R\u00c1DIO E NOT\u00cdCIAS<\/title>\n<meta name=\"description\" content=\"R\u00e1dio e Not\u00edcias para Jaboticabal, confira o que \u00e9 destaque na cidade e tudo sobre a nossa programa\u00e7\u00e3o.\" \/>\n<meta name=\"robots\" content=\"index, follow, max-snippet:-1, max-image-preview:large, max-video-preview:-1\" \/>\n<link rel=\"canonical\" href=\"https:\/\/www.101fm.com.br\/101\/\" \/>\n<meta property=\"og:locale\" content=\"pt_BR\" \/>\n<meta property=\"og:type\" content=\"article\" \/>\n<meta property=\"og:title\" content=\"101FM - R\u00e1dio e Not\u00edcias\" \/>\n<meta property=\"og:description\" content=\"R\u00e1dio e Not\u00edcias para Jaboticabal, confira o que \u00e9 destaque na cidade e tudo sobre a nossa programa\u00e7\u00e3o.\" \/>\n<meta property=\"og:url\" content=\"https:\/\/www.101fm.com.br\/101\/\" \/>\n<meta property=\"og:site_name\" content=\"101FM\" \/>\n<meta property=\"article:publisher\" content=\"http:\/\/facebook.com\/101fmjaboticabal\" \/>\n<meta property=\"article:modified_time\" content=\"2024-11-12T12:13:52+00:00\" \/>\n<meta property=\"og:image\" content=\"https:\/\/www.101fm.com.br\/101\/wp-content\/uploads\/2015\/04\/LOGO-MARCA-NOVA-101.png\" \/>\n<meta name=\"twitter:card\" content=\"summary_large_image\" \/>\n<meta name=\"twitter:title\" content=\"101FM - R\u00e1dio e Not\u00edcias\" \/>\n<meta name=\"twitter:description\" content=\"R\u00e1dio e Not\u00edcias para Jaboticabal, confira o que \u00e9 destaque na cidade e tudo sobre a nossa programa\u00e7\u00e3o.\" \/>\n<meta name=\"twitter:image\" content=\"https:\/\/www.101fm.com.br\/101\/wp-content\/uploads\/2015\/04\/logo-101fm.png\" \/>\n<meta name=\"twitter:site\" content=\"@101jaboticabal\" \/>\n<meta name=\"twitter:label1\" content=\"Est. tempo de leitura\" \/>\n\t<meta name=\"twitter:data1\" content=\"2 minutos\" \/>\n<script type=\"application\/ld+json\" class=\"yoast-schema-graph\">{\"@context\":\"https:\/\/schema.org\",\"@graph\":[{\"@type\":\"WebPage\",\"@id\":\"https:\/\/www.101fm.com.br\/101\/\",\"url\":\"https:\/\/www.101fm.com.br\/101\/\",\"name\":\"101FM - R\u00c1DIO E NOT\u00cdCIAS\",\"isPartOf\":{\"@id\":\"https:\/\/www.101fm.com.br\/101\/#website\"},\"primaryImageOfPage\":{\"@id\":\"https:\/\/www.101fm.com.br\/101\/#primaryimage\"},\"image\":{\"@id\":\"https:\/\/www.101fm.com.br\/101\/#primaryimage\"},\"thumbnailUrl\":\"https:\/\/www.101fm.com.br\/101\/wp-content\/uploads\/2019\/09\/Municipios.jpg\",\"datePublished\":\"2015-06-12T12:30:20+00:00\",\"dateModified\":\"2024-11-12T12:13:52+00:00\",\"description\":\"R\u00e1dio e Not\u00edcias para Jaboticabal, confira o que \u00e9 destaque na cidade e tudo sobre a nossa programa\u00e7\u00e3o.\",\"breadcrumb\":{\"@id\":\"https:\/\/www.101fm.com.br\/101\/#breadcrumb\"},\"inLanguage\":\"pt-BR\",\"potentialAction\":[{\"@type\":\"ReadAction\",\"target\":[\"https:\/\/www.101fm.com.br\/101\/\"]}]},{\"@type\":\"ImageObject\",\"inLanguage\":\"pt-BR\",\"@id\":\"https:\/\/www.101fm.com.br\/101\/#primaryimage\",\"url\":\"https:\/\/www.101fm.com.br\/101\/wp-content\/uploads\/2019\/09\/Municipios.jpg\",\"contentUrl\":\"https:\/\/www.101fm.com.br\/101\/wp-content\/uploads\/2019\/09\/Municipios.jpg\",\"width\":635,\"height\":335},{\"@type\":\"BreadcrumbList\",\"@id\":\"https:\/\/www.101fm.com.br\/101\/#breadcrumb\",\"itemListElement\":[{\"@type\":\"ListItem\",\"position\":1,\"name\":\"In\u00edcio\",\"item\":\"https:\/\/www.101fm.com.br\/101\/\"},{\"@type\":\"ListItem\",\"position\":2,\"name\":\"In\u00edcio\"}]},{\"@type\":\"WebSite\",\"@id\":\"https:\/\/www.101fm.com.br\/101\/#website\",\"url\":\"https:\/\/www.101fm.com.br\/101\/\",\"name\":\"101FM\",\"description\":\"R\u00e1dio e Not\u00edcias para Jaboticabal, confira o que \u00e9 destaque na cidade e tudo sobre a nossa programa\u00e7\u00e3o.\",\"publisher\":{\"@id\":\"https:\/\/www.101fm.com.br\/101\/#organization\"},\"potentialAction\":[{\"@type\":\"SearchAction\",\"target\":{\"@type\":\"EntryPoint\",\"urlTemplate\":\"https:\/\/www.101fm.com.br\/101\/?s={search_term_string}\"},\"query-input\":\"required name=search_term_string\"}],\"inLanguage\":\"pt-BR\"},{\"@type\":\"Organization\",\"@id\":\"https:\/\/www.101fm.com.br\/101\/#organization\",\"name\":\"101FM - R\u00e1dio e Not\u00edcias\",\"url\":\"https:\/\/www.101fm.com.br\/101\/\",\"logo\":{\"@type\":\"ImageObject\",\"inLanguage\":\"pt-BR\",\"@id\":\"https:\/\/www.101fm.com.br\/101\/#\/schema\/logo\/image\/\",\"url\":\"https:\/\/www.101fm.com.br\/101\/wp-content\/uploads\/2021\/06\/101logo.png\",\"contentUrl\":\"https:\/\/www.101fm.com.br\/101\/wp-content\/uploads\/2021\/06\/101logo.png\",\"width\":800,\"height\":500,\"caption\":\"101FM - R\u00e1dio e Not\u00edcias\"},\"image\":{\"@id\":\"https:\/\/www.101fm.com.br\/101\/#\/schema\/logo\/image\/\"},\"sameAs\":[\"http:\/\/facebook.com\/101fmjaboticabal\",\"https:\/\/x.com\/101jaboticabal\",\"https:\/\/www.instagram.com\/101.7\",\"https:\/\/www.youtube.com\/101fmjaboticabal\"]}]}<\/script>\n<!-- \/ Yoast SEO Premium plugin. -->","yoast_head_json":{"title":"101FM - R\u00c1DIO E NOT\u00cdCIAS","description":"R\u00e1dio e Not\u00edcias para Jaboticabal, confira o que \u00e9 destaque na cidade e tudo sobre a nossa programa\u00e7\u00e3o.","robots":{"index":"index","follow":"follow","max-snippet":"max-snippet:-1","max-image-preview":"max-image-preview:large","max-video-preview":"max-video-preview:-1"},"canonical":"https:\/\/www.101fm.com.br\/101\/","og_locale":"pt_BR","og_type":"article","og_title":"101FM - R\u00e1dio e Not\u00edcias","og_description":"R\u00e1dio e Not\u00edcias para Jaboticabal, confira o que \u00e9 destaque na cidade e tudo sobre a nossa programa\u00e7\u00e3o.","og_url":"https:\/\/www.101fm.com.br\/101\/","og_site_name":"101FM","article_publisher":"http:\/\/facebook.com\/101fmjaboticabal","article_modified_time":"2024-11-12T12:13:52+00:00","og_image":[{"url":"https:\/\/www.101fm.com.br\/101\/wp-content\/uploads\/2015\/04\/LOGO-MARCA-NOVA-101.png"}],"twitter_card":"summary_large_image","twitter_title":"101FM - R\u00e1dio e Not\u00edcias","twitter_description":"R\u00e1dio e Not\u00edcias para Jaboticabal, confira o que \u00e9 destaque na cidade e tudo sobre a nossa programa\u00e7\u00e3o.","twitter_image":"https:\/\/www.101fm.com.br\/101\/wp-content\/uploads\/2015\/04\/logo-101fm.png","twitter_site":"@101jaboticabal","twitter_misc":{"Est. tempo de leitura":"2 minutos"},"schema":{"@context":"https:\/\/schema.org","@graph":[{"@type":"WebPage","@id":"https:\/\/www.101fm.com.br\/101\/","url":"https:\/\/www.101fm.com.br\/101\/","name":"101FM - R\u00c1DIO E NOT\u00cdCIAS","isPartOf":{"@id":"https:\/\/www.101fm.com.br\/101\/#website"},"primaryImageOfPage":{"@id":"https:\/\/www.101fm.com.br\/101\/#primaryimage"},"image":{"@id":"https:\/\/www.101fm.com.br\/101\/#primaryimage"},"thumbnailUrl":"https:\/\/www.101fm.com.br\/101\/wp-content\/uploads\/2019\/09\/Municipios.jpg","datePublished":"2015-06-12T12:30:20+00:00","dateModified":"2024-11-12T12:13:52+00:00","description":"R\u00e1dio e Not\u00edcias para Jaboticabal, confira o que \u00e9 destaque na cidade e tudo sobre a nossa programa\u00e7\u00e3o.","breadcrumb":{"@id":"https:\/\/www.101fm.com.br\/101\/#breadcrumb"},"inLanguage":"pt-BR","potentialAction":[{"@type":"ReadAction","target":["https:\/\/www.101fm.com.br\/101\/"]}]},{"@type":"ImageObject","inLanguage":"pt-BR","@id":"https:\/\/www.101fm.com.br\/101\/#primaryimage","url":"https:\/\/www.101fm.com.br\/101\/wp-content\/uploads\/2019\/09\/Municipios.jpg","contentUrl":"https:\/\/www.101fm.com.br\/101\/wp-content\/uploads\/2019\/09\/Municipios.jpg","width":635,"height":335},{"@type":"BreadcrumbList","@id":"https:\/\/www.101fm.com.br\/101\/#breadcrumb","itemListElement":[{"@type":"ListItem","position":1,"name":"In\u00edcio","item":"https:\/\/www.101fm.com.br\/101\/"},{"@type":"ListItem","position":2,"name":"In\u00edcio"}]},{"@type":"WebSite","@id":"https:\/\/www.101fm.com.br\/101\/#website","url":"https:\/\/www.101fm.com.br\/101\/","name":"101FM","description":"R\u00e1dio e Not\u00edcias para Jaboticabal, confira o que \u00e9 destaque na cidade e tudo sobre a nossa programa\u00e7\u00e3o.","publisher":{"@id":"https:\/\/www.101fm.com.br\/101\/#organization"},"potentialAction":[{"@type":"SearchAction","target":{"@type":"EntryPoint","urlTemplate":"https:\/\/www.101fm.com.br\/101\/?s={search_term_string}"},"query-input":"required name=search_term_string"}],"inLanguage":"pt-BR"},{"@type":"Organization","@id":"https:\/\/www.101fm.com.br\/101\/#organization","name":"101FM - R\u00e1dio e Not\u00edcias","url":"https:\/\/www.101fm.com.br\/101\/","logo":{"@type":"ImageObject","inLanguage":"pt-BR","@id":"https:\/\/www.101fm.com.br\/101\/#\/schema\/logo\/image\/","url":"https:\/\/www.101fm.com.br\/101\/wp-content\/uploads\/2021\/06\/101logo.png","contentUrl":"https:\/\/www.101fm.com.br\/101\/wp-content\/uploads\/2021\/06\/101logo.png","width":800,"height":500,"caption":"101FM - R\u00e1dio e Not\u00edcias"},"image":{"@id":"https:\/\/www.101fm.com.br\/101\/#\/schema\/logo\/image\/"},"sameAs":["http:\/\/facebook.com\/101fmjaboticabal","https:\/\/x.com\/101jaboticabal","https:\/\/www.instagram.com\/101.7","https:\/\/www.youtube.com\/101fmjaboticabal"]}]}},"_links":{"self":[{"href":"https:\/\/www.101fm.com.br\/101\/wp-json\/wp\/v2\/pages\/3498","targetHints":{"allow":["GET"]}}],"collection":[{"href":"https:\/\/www.101fm.com.br\/101\/wp-json\/wp\/v2\/pages"}],"about":[{"href":"https:\/\/www.101fm.com.br\/101\/wp-json\/wp\/v2\/types\/page"}],"author":[{"embeddable":true,"href":"https:\/\/www.101fm.com.br\/101\/wp-json\/wp\/v2\/users\/6"}],"replies":[{"embeddable":true,"href":"https:\/\/www.101fm.com.br\/101\/wp-json\/wp\/v2\/comments?post=3498"}],"version-history":[{"count":0,"href":"https:\/\/www.101fm.com.br\/101\/wp-json\/wp\/v2\/pages\/3498\/revisions"}],"wp:attachment":[{"href":"https:\/\/www.101fm.com.br\/101\/wp-json\/wp\/v2\/media?parent=3498"}],"curies":[{"name":"wp","href":"https:\/\/api.w.org\/{rel}","templated":true}]}}